{"id":31,"date":"2023-12-19T20:01:10","date_gmt":"2023-12-19T20:01:10","guid":{"rendered":"https:\/\/tinnekeswerts.be\/?page_id=31"},"modified":"2025-02-02T14:49:30","modified_gmt":"2025-02-02T14:49:30","slug":"dossierverslag","status":"publish","type":"page","link":"https:\/\/tinnekeswerts.be\/?page_id=31","title":{"rendered":"Dossier&#038;Verslag"},"content":{"rendered":"\n<div class=\"wp-block-uagb-container uagb-block-1c1b4b26 alignfull uagb-is-root-container\"><div class=\"uagb-container-inner-blocks-wrap\">\n<div class=\"wp-block-uagb-container uagb-block-d59d4104\">\n<p class=\"has-text-color\" style=\"color:#120d33\">Er wordt van jou een (elektronisch) dossier bij gehouden. Deze bevat volgende gegevens;<br>&#8211; jouw voornaam, familienaam, geboortedatum, rijksregisternummer, adres, telefoonnummer en e-mailadres,<br>&#8211; de voornaam, familienaam, adres, telefoonnummer en emailadres van de aanmelder en\/of ouder(s) en\/of belangrijke steunfiguur,<br>&#8211; de naam van uw huisarts of verwijzer,<br>&#8211; de betrokken hulpverleners,<br>&#8211; een korte samenvatting van uw zorgen, problemen en hulpvragen,<br>&#8211; uw therapievoorkeur<br>Ik houd ook korte persoonlijke nota\u2019s bij voor een optimale continu\u00efteit in jouw traject te kunnen garanderen.<\/p>\n<\/div>\n\n\n\n<div class=\"wp-block-uagb-container uagb-block-77cdb242\"><\/div>\n\n\n\n<div class=\"wp-block-uagb-container uagb-block-052943dd\"><\/div>\n\n\n\n<div class=\"wp-block-uagb-container uagb-block-31dc2fac\">\n<p>Offici\u00eble verslaggeving kan gebruikt worden om betrokken hulpverleners, de school of andere hulpverleners te informeren, maar enkel met uw toestemming (informed consent). Je kan op elk moment een duplicaat van dit verslag opvragen. <br>Het kan ook nodig zijn, dat we met uw medeweten, telefonisch contact opnemen met de betrokken hulpverleners en steunfiguren.<br>Verslaggeving kan nooit gebruikt worden in een juridische procedure.<\/p>\n<\/div>\n<\/div><\/div>\n\n\n\n<div class=\"wp-block-uagb-container uagb-block-b07de8fe alignfull uagb-is-root-container\"><div class=\"uagb-container-inner-blocks-wrap\">\n<div class=\"wp-block-uagb-container uagb-block-bf5fa9dc\">\n<p>Er mogen tijdens de sessies g\u00e9\u00e9n audio- , foto-, of filmopnames gemaakt geworden zonder medeweten \u00e9n mits expliciet akkoord van alle aanwezigen.<\/p>\n<\/div>\n\n\n\n<div class=\"wp-block-uagb-container uagb-block-b49c61e4\"><\/div>\n<\/div><\/div>\n\n\n\n<div class=\"wp-block-uagb-container uagb-block-1be9cfd8 alignfull uagb-is-root-container\"><div class=\"uagb-container-inner-blocks-wrap\">\n<div class=\"wp-block-uagb-container uagb-block-bca37e2e\">\n<p>Wanneer je een afspraak bij mij maakt, dan ga je akkoord met de voorwaarden van de begeleiding en de praktijk. <br>Deze worden in het begin van het traject met jou overlopen en kunnen op eenvoudig verzoek steeds herhaald worden.<\/p>\n<\/div>\n<\/div><\/div>\n","protected":false},"excerpt":{"rendered":"<p>Er wordt van jou een (elektronisch) dossier bij gehouden. Deze bevat volgende gegevens;&#8211; jouw voornaam, familienaam, geboortedatum, rijksregisternummer, adres, telefoonnummer en e-mailadres,&#8211; de voornaam, familienaam, adres, telefoonnummer en emailadres van de aanmelder en\/of ouder(s) en\/of belangrijke steunfiguur,&#8211; de naam van uw huisarts of verwijzer,&#8211; de betrokken hulpverleners,&#8211; een korte samenvatting van uw zorgen, problemen en&hellip; <a class=\"more-link\" href=\"https:\/\/tinnekeswerts.be\/?page_id=31\">Lees verder <span class=\"screen-reader-text\">Dossier&#038;Verslag<\/span><\/a><\/p>\n","protected":false},"author":1,"featured_media":0,"parent":0,"menu_order":0,"comment_status":"closed","ping_status":"closed","template":"","meta":{"_uag_custom_page_level_css":"","footnotes":""},"class_list":["post-31","page","type-page","status-publish","hentry","entry"],"yoast_head":"<!-- This site is optimized with the Yoast SEO plugin v21.7 - https:\/\/yoast.com\/wordpress\/plugins\/seo\/ -->\n<title>Dossier&amp;Verslag -<\/title>\n<meta name=\"robots\" content=\"index, follow, max-snippet:-1, max-image-preview:large, max-video-preview:-1\" \/>\n<link rel=\"canonical\" href=\"https:\/\/tinnekeswerts.be\/?page_id=31\" \/>\n<meta property=\"og:locale\" content=\"nl_NL\" \/>\n<meta property=\"og:type\" content=\"article\" \/>\n<meta property=\"og:title\" content=\"Dossier&amp;Verslag -\" \/>\n<meta property=\"og:description\" content=\"Er wordt van jou een (elektronisch) dossier bij gehouden. Deze bevat volgende gegevens;&#8211; jouw voornaam, familienaam, geboortedatum, rijksregisternummer, adres, telefoonnummer en e-mailadres,&#8211; de voornaam, familienaam, adres, telefoonnummer en emailadres van de aanmelder en\/of ouder(s) en\/of belangrijke steunfiguur,&#8211; de naam van uw huisarts of verwijzer,&#8211; de betrokken hulpverleners,&#8211; een korte samenvatting van uw zorgen, problemen en&hellip; Lees verder Dossier&#038;Verslag\" \/>\n<meta property=\"og:url\" content=\"https:\/\/tinnekeswerts.be\/?page_id=31\" \/>\n<meta property=\"article:modified_time\" content=\"2025-02-02T14:49:30+00:00\" \/>\n<meta name=\"twitter:card\" content=\"summary_large_image\" \/>\n<meta name=\"twitter:label1\" content=\"Geschatte leestijd\" \/>\n\t<meta name=\"twitter:data1\" content=\"1 minuut\" \/>\n<script type=\"application\/ld+json\" class=\"yoast-schema-graph\">{\"@context\":\"https:\/\/schema.org\",\"@graph\":[{\"@type\":\"WebPage\",\"@id\":\"https:\/\/tinnekeswerts.be\/?page_id=31\",\"url\":\"https:\/\/tinnekeswerts.be\/?page_id=31\",\"name\":\"Dossier&Verslag -\",\"isPartOf\":{\"@id\":\"https:\/\/tinnekeswerts.be\/#website\"},\"datePublished\":\"2023-12-19T20:01:10+00:00\",\"dateModified\":\"2025-02-02T14:49:30+00:00\",\"breadcrumb\":{\"@id\":\"https:\/\/tinnekeswerts.be\/?page_id=31#breadcrumb\"},\"inLanguage\":\"nl-NL\",\"potentialAction\":[{\"@type\":\"ReadAction\",\"target\":[\"https:\/\/tinnekeswerts.be\/?page_id=31\"]}]},{\"@type\":\"BreadcrumbList\",\"@id\":\"https:\/\/tinnekeswerts.be\/?page_id=31#breadcrumb\",\"itemListElement\":[{\"@type\":\"ListItem\",\"position\":1,\"name\":\"Home\",\"item\":\"https:\/\/tinnekeswerts.be\/\"},{\"@type\":\"ListItem\",\"position\":2,\"name\":\"Dossier&#038;Verslag\"}]},{\"@type\":\"WebSite\",\"@id\":\"https:\/\/tinnekeswerts.be\/#website\",\"url\":\"https:\/\/tinnekeswerts.be\/\",\"name\":\"tinneke swerts orthopedagoog\",\"description\":\"\",\"potentialAction\":[{\"@type\":\"SearchAction\",\"target\":{\"@type\":\"EntryPoint\",\"urlTemplate\":\"https:\/\/tinnekeswerts.be\/?s={search_term_string}\"},\"query-input\":\"required name=search_term_string\"}],\"inLanguage\":\"nl-NL\"}]}<\/script>\n<!-- \/ Yoast SEO plugin. -->","yoast_head_json":{"title":"Dossier&Verslag -","robots":{"index":"index","follow":"follow","max-snippet":"max-snippet:-1","max-image-preview":"max-image-preview:large","max-video-preview":"max-video-preview:-1"},"canonical":"https:\/\/tinnekeswerts.be\/?page_id=31","og_locale":"nl_NL","og_type":"article","og_title":"Dossier&Verslag -","og_description":"Er wordt van jou een (elektronisch) dossier bij gehouden. Deze bevat volgende gegevens;&#8211; jouw voornaam, familienaam, geboortedatum, rijksregisternummer, adres, telefoonnummer en e-mailadres,&#8211; de voornaam, familienaam, adres, telefoonnummer en emailadres van de aanmelder en\/of ouder(s) en\/of belangrijke steunfiguur,&#8211; de naam van uw huisarts of verwijzer,&#8211; de betrokken hulpverleners,&#8211; een korte samenvatting van uw zorgen, problemen en&hellip; Lees verder Dossier&#038;Verslag","og_url":"https:\/\/tinnekeswerts.be\/?page_id=31","article_modified_time":"2025-02-02T14:49:30+00:00","twitter_card":"summary_large_image","twitter_misc":{"Geschatte leestijd":"1 minuut"},"schema":{"@context":"https:\/\/schema.org","@graph":[{"@type":"WebPage","@id":"https:\/\/tinnekeswerts.be\/?page_id=31","url":"https:\/\/tinnekeswerts.be\/?page_id=31","name":"Dossier&Verslag -","isPartOf":{"@id":"https:\/\/tinnekeswerts.be\/#website"},"datePublished":"2023-12-19T20:01:10+00:00","dateModified":"2025-02-02T14:49:30+00:00","breadcrumb":{"@id":"https:\/\/tinnekeswerts.be\/?page_id=31#breadcrumb"},"inLanguage":"nl-NL","potentialAction":[{"@type":"ReadAction","target":["https:\/\/tinnekeswerts.be\/?page_id=31"]}]},{"@type":"BreadcrumbList","@id":"https:\/\/tinnekeswerts.be\/?page_id=31#breadcrumb","itemListElement":[{"@type":"ListItem","position":1,"name":"Home","item":"https:\/\/tinnekeswerts.be\/"},{"@type":"ListItem","position":2,"name":"Dossier&#038;Verslag"}]},{"@type":"WebSite","@id":"https:\/\/tinnekeswerts.be\/#website","url":"https:\/\/tinnekeswerts.be\/","name":"tinneke swerts orthopedagoog","description":"","potentialAction":[{"@type":"SearchAction","target":{"@type":"EntryPoint","urlTemplate":"https:\/\/tinnekeswerts.be\/?s={search_term_string}"},"query-input":"required name=search_term_string"}],"inLanguage":"nl-NL"}]}},"uagb_featured_image_src":{"full":false,"thumbnail":false,"medium":false,"medium_large":false,"large":false,"1536x1536":false,"2048x2048":false,"post-thumbnail":false},"uagb_author_info":{"display_name":"admin","author_link":"https:\/\/tinnekeswerts.be\/?author=1"},"uagb_comment_info":0,"uagb_excerpt":"Er wordt van jou een (elektronisch) dossier bij gehouden. Deze bevat volgende gegevens;&#8211; jouw voornaam, familienaam, geboortedatum, rijksregisternummer, adres, telefoonnummer en e-mailadres,&#8211; de voornaam, familienaam, adres, telefoonnummer en emailadres van de aanmelder en\/of ouder(s) en\/of belangrijke steunfiguur,&#8211; de naam van uw huisarts of verwijzer,&#8211; de betrokken hulpverleners,&#8211; een korte samenvatting van uw zorgen, problemen en&hellip;&hellip;","_links":{"self":[{"href":"https:\/\/tinnekeswerts.be\/index.php?rest_route=\/wp\/v2\/pages\/31","targetHints":{"allow":["GET"]}}],"collection":[{"href":"https:\/\/tinnekeswerts.be\/index.php?rest_route=\/wp\/v2\/pages"}],"about":[{"href":"https:\/\/tinnekeswerts.be\/index.php?rest_route=\/wp\/v2\/types\/page"}],"author":[{"embeddable":true,"href":"https:\/\/tinnekeswerts.be\/index.php?rest_route=\/wp\/v2\/users\/1"}],"replies":[{"embeddable":true,"href":"https:\/\/tinnekeswerts.be\/index.php?rest_route=%2Fwp%2Fv2%2Fcomments&post=31"}],"version-history":[{"count":7,"href":"https:\/\/tinnekeswerts.be\/index.php?rest_route=\/wp\/v2\/pages\/31\/revisions"}],"predecessor-version":[{"id":115,"href":"https:\/\/tinnekeswerts.be\/index.php?rest_route=\/wp\/v2\/pages\/31\/revisions\/115"}],"wp:attachment":[{"href":"https:\/\/tinnekeswerts.be\/index.php?rest_route=%2Fwp%2Fv2%2Fmedia&parent=31"}],"curies":[{"name":"wp","href":"https:\/\/api.w.org\/{rel}","templated":true}]}}